{"id":11,"date":"2019-10-08T08:41:36","date_gmt":"2019-10-08T08:41:36","guid":{"rendered":"https:\/\/gabybaginsky.de\/wordpress\/?page_id=11"},"modified":"2022-12-21T16:38:01","modified_gmt":"2022-12-21T16:38:01","slug":"impressum","status":"publish","type":"page","link":"https:\/\/gabybaginsky.de\/?page_id=11","title":{"rendered":"Impressum"},"content":{"rendered":"\n<h5 class=\"wp-block-heading\">Ansprechpartner:<\/h5>\n\n\n\n<p>Manfred Kn\u00f6pke<br>Industriestr. 11 <br>48455 Bad Bentheim<br><br>Telefon:    05922 \u2013 77 91 07<br>Fax:          05922 \u2013 77 91 08<br>Email:       sekretariat@gabybaginsky.de<br>Website:  www.gabybaginsky.de<\/p>\n\n\n\n<p>Verantwortlich nach \u00a7 6 Abs. 2 MDStV Manfred Kn\u00f6pke<br>( Adresse wie oben )<\/p>\n\n\n\n<p>HAFTUNGSAUSSCHLUSS \u2013 DISCLAIMER<\/p>\n\n\n\n<p>Haftung f\u00fcr Inhalte<br>Die Inhalte unserer Seiten wurden mit gr\u00f6sster Sorgfalt erstellt. F\u00fcr die Richtigkeit, Vollst\u00e4ndigkeit und Aktualit\u00e4t der Inhalte k\u00f6nnen<br>wir jedoch keine Gew\u00e4hr \u00fcbernehmen. Als Diensteanbieter sind wir gem\u00e4ss \u00a7 7 Abs. 1 TMG f\u00fcr eigene Inhalte auf diesen Seiten nach<br>den allgemeinen Gesetzen verantwortlich.Nach \u00a7\u00a7 8 \u2013 10 TMG sind wir als Diensteanbieter jedoch nicht verpflichtet, \u00fcbermittelte oder<br>gespeicherte fremde Informationen zu \u00fcberwachen oder nach Umst\u00e4nden zu forschen, die auf eine rechtswidrige T\u00e4tigkeit hinweisen.<br>Verpflichtungen zur Entfernung oder Sperrung der Nutzung von Informationen nach den allgemeinen Gesetzen bleiben hiervon unber\u00fchrt.<br>Eine diesbez\u00fcgliche Haftung ist jedoch erst ab dem Zeitpunkt der Kenntnis einer konkreten Rechtsverletzung m\u00f6glich.Bei bekannt werden<br>von entsprechenden Rechtsverletzungen werden wir diese Inhalte umgehend entfernen.<\/p>\n","protected":false},"excerpt":{"rendered":"<p>Ansprechpartner: Manfred Kn\u00f6pkeIndustriestr. 11 48455 Bad Bentheim Telefon: 05922 \u2013 77 91 07Fax: 05922 \u2013 77 91 08Email: sekretariat@gabybaginsky.deWebsite: www.gabybaginsky.de Verantwortlich nach \u00a7 6 Abs. 2&#46;&#46;&#46;<\/p>\n","protected":false},"author":1,"featured_media":0,"parent":0,"menu_order":0,"comment_status":"closed","ping_status":"closed","template":"","meta":{"footnotes":""},"class_list":["post-11","page","type-page","status-publish","hentry"],"_links":{"self":[{"href":"https:\/\/gabybaginsky.de\/index.php?rest_route=\/wp\/v2\/pages\/11","targetHints":{"allow":["GET"]}}],"collection":[{"href":"https:\/\/gabybaginsky.de\/index.php?rest_route=\/wp\/v2\/pages"}],"about":[{"href":"https:\/\/gabybaginsky.de\/index.php?rest_route=\/wp\/v2\/types\/page"}],"author":[{"embeddable":true,"href":"https:\/\/gabybaginsky.de\/index.php?rest_route=\/wp\/v2\/users\/1"}],"replies":[{"embeddable":true,"href":"https:\/\/gabybaginsky.de\/index.php?rest_route=%2Fwp%2Fv2%2Fcomments&post=11"}],"version-history":[{"count":4,"href":"https:\/\/gabybaginsky.de\/index.php?rest_route=\/wp\/v2\/pages\/11\/revisions"}],"predecessor-version":[{"id":166,"href":"https:\/\/gabybaginsky.de\/index.php?rest_route=\/wp\/v2\/pages\/11\/revisions\/166"}],"wp:attachment":[{"href":"https:\/\/gabybaginsky.de\/index.php?rest_route=%2Fwp%2Fv2%2Fmedia&parent=11"}],"curies":[{"name":"wp","href":"https:\/\/api.w.org\/{rel}","templated":true}]}}