{"id":9,"date":"2019-10-08T08:41:36","date_gmt":"2019-10-08T08:41:36","guid":{"rendered":"https:\/\/gabybaginsky.de\/wordpress\/?page_id=9"},"modified":"2025-03-03T14:02:02","modified_gmt":"2025-03-03T14:02:02","slug":"discographie","status":"publish","type":"page","link":"https:\/\/gabybaginsky.de\/?page_id=9","title":{"rendered":"Discographie"},"content":{"rendered":"\r\n\r\n\r\n<h5 class=\"wp-block-heading\">41. \u00c4lter werden k\u00f6nnen wir sp\u00e4ter 12 Titel \/ 2023\/ Megamix\u00a0<\/h5>\r\n<h5>40. Man muss das Leben tanzen 12 Titel \/ 2021 \/ VangMedia<\/h5>\r\n<h5>\r\n\r\n<\/h5>\r\n<h5 class=\"wp-block-heading\">39. Ich mag mich so wie ich bin \/ 2019 \/ DA-Music\/Daxhill<\/h5>\r\n<h5 class=\"MsoNormal\">38. Gaby Baginsky Lieblings Schlager 2017 20 Titel DA Music<\/h5>\r\n<h5>37. Auf den Punkt \/ 2015 \/ DA Music\/Daxhill<\/h5>\r\n<h5>\r\n\r\n<\/h5>\r\n<h5><strong>36. Ich w\u00fcrd\u2018 das alles wieder tun \u2013 45 Titel 3er CD\u00a0| 2014\u00a0| DA Music<\/strong><\/h5>\r\n<h5>\r\n\r\n<\/h5>\r\n<h5><strong>35. Sonne in der Nacht\u00a0| 2012\u00a0| Bellaphon<\/strong><\/h5>\r\n<h5>\r\n\r\n<\/h5>\r\n<h5><strong>34. Ich will kein Engel sein | 2010\u00a0| DA Music<\/strong><\/h5>\r\n<h5>\r\n\r\n<\/h5>\r\n<h5><strong>33. Lust am Leben\u00a0| 2008\u00a0| DA Music<\/strong><\/h5>\r\n<h5>\r\n\r\n<\/h5>\r\n<h5><strong>32. Meine Besten | 2007\u00a0| DA Music<\/strong><\/h5>\r\n\r\n\r\n\r\n<h5><strong>31. Zusammen jung geblieben\u00a0| 2007\u00a0| DA Music<\/strong><\/h5>\r\n<h5>\r\n\r\n<\/h5>\r\n<h5><strong>30.<a href=\"https:\/\/gabybaginsky.de\/htm\/disco_cd.htm\">\u00a0Made in Germany-Gaby Baginsky\u00a0<\/a>| 2006\u00a0| EMI<\/strong><\/h5>\r\n<h5>\r\n\r\n<\/h5>\r\n<h5><strong>29.<a href=\"https:\/\/gabybaginsky.de\/htm\/disco_cd.htm\">\u00a0Auf Wolken schweben<\/a>\u00a0| 2005\u00a0| DA Music<\/strong><\/h5>\r\n<h5>\r\n\r\n<\/h5>\r\n<h5><strong>28. So ist das Leben\u00a0| 2004\u00a0| DA Music<\/strong><\/h5>\r\n<h5>\r\n\r\n<\/h5>\r\n<h5><strong>27. Gaby Baginsky \u2013 Mein Portrait\u00a0| 2003\u00a0| DA Music<\/strong><\/h5>\r\n<h5>\r\n\r\n<\/h5>\r\n<h5><strong>26.<a href=\"https:\/\/gabybaginsky.de\/htm\/disco_cd.htm\">\u00a0Melodien zum Tr\u00e4umen\u00a0<\/a>|\u00a0<a href=\"https:\/\/gabybaginsky.de\/htm\/disco_cd.htm\">2003\u00a0| DA Music<\/a><\/strong><\/h5>\r\n<h5>\r\n\r\n<\/h5>\r\n<h5><strong>25. Urlaubsgr\u00fcsse von Gaby\u00a0| 2003\u00a0| DA Music<\/strong><\/h5>\r\n<h5>\r\n\r\n<\/h5>\r\n<h5><strong>24.\u00a0<a href=\"https:\/\/gabybaginsky.de\/htm\/disco_cd.htm\">Echte Wunder\u00a0| 2003\u00a0| DA Music<\/a><\/strong><\/h5>\r\n<h5>\r\n\r\n<\/h5>\r\n<h5><strong>23. Hey Kleiner \u2013 was bist denn Du f\u00fcr einer\u00a0| 2002\u00a0| DA Music<\/strong><\/h5>\r\n<h5>\r\n\r\n<\/h5>\r\n<h5><strong>22.\u00a0<a href=\"https:\/\/gabybaginsky.de\/htm\/disco_cd.htm\">Jetzt geht die Post ab\u00a0<\/a>|\u00a0<a href=\"https:\/\/gabybaginsky.de\/htm\/disco_cd.htm\">2002\u00a0| DA Music<\/a><\/strong><\/h5>\r\n<h5>\r\n\r\n<\/h5>\r\n<h5><strong>21. Gaby Baginsky \u2013 Marigot Bay\u00a0| 2002\u00a0| Koch<\/strong><\/h5>\r\n<h5>\r\n\r\n<\/h5>\r\n<h5><strong>20. Du bist \u2019ne S\u00fcnde wert\u00a0| 2002\u00a0| Euro Trend<\/strong><\/h5>\r\n<h5>\r\n\r\n<\/h5>\r\n<h5><strong>19.<a href=\"https:\/\/gabybaginsky.de\/htm\/disco_cd.htm\">\u00a0Gaby goes Country\u00a0<\/a>|\u00a0<a href=\"https:\/\/gabybaginsky.de\/htm\/disco_cd.htm\">2002<\/a><\/strong><a href=\"https:\/\/gabybaginsky.de\/htm\/disco_cd.htm\">\u00a0| DA Music<\/a><\/h5>\r\n<h5>\r\n\r\n<\/h5>\r\n<h5><strong>17. Tagtr\u00e4ume\u00a0| 2001\u00a0| DA Music<\/strong><\/h5>\r\n<h5>\r\n\r\n<\/h5>\r\n<h5><strong>18. Gaby Baginsky\u00a0| 2001\u00a0| DA\/Delta<\/strong><\/h5>\r\n<h5>\r\n\r\n<\/h5>\r\n<h5><strong>16. Gaby\u2019s Hitbox (3 CD\u2019s)\u00a0| 2000\u00a0| DA Music<\/strong><\/h5>\r\n<h5>\r\n\r\n<\/h5>\r\n<h5><strong>15. Hitmix\u00a0\u00a0| 2000\u00a0| DA Music<\/strong><\/h5>\r\n<h5>\r\n\r\n<\/h5>\r\n<h5><strong>14. Meine Besten\u00a0| 2000\u00a0| DA Music<\/strong><\/h5>\r\n<h5>\r\n\r\n<\/h5>\r\n<h5><strong>13. Schlagerparty mit Gaby Baginsky\u00a0| 2000\u00a0| DA Music<\/strong><\/h5>\r\n\r\n\r\n\r\n<p><strong>12. Ich habe das Chriskind geseh\u2019n\u00a0| 1999\u00a0| DA Music<\/strong><img loading=\"lazy\" decoding=\"async\" src=\"https:\/\/gabybaginsky.de\/bilder\/cover\/cover_lustamleben.jpg\" alt=\"\" width=\"250\" height=\"250\" \/><\/p>\r\n\r\n\r\n\r\n<h5><strong>11. Einfach Gaby\u00a0| 1999\u00a0| DA Music<\/strong><\/h5>\r\n<h5>\r\n\r\n<\/h5>\r\n<h5><strong>10. Karaoke\u00a0| 1999\u00a0| DA Music<\/strong><\/h5>\r\n<h5>\r\n\r\n<\/h5>\r\n<h5><strong>9.\u00a0 Mehr von mir\u00a0| 1999\u00a0| DA Music<\/strong><\/h5>\r\n<h5>\r\n\r\n<\/h5>\r\n<h5><strong>8.\u00a0 Viel Gef\u00fchl\u00a0| 1998 \u00a0| DA Music<\/strong><\/h5>\r\n<h5>\r\n\r\n<\/h5>\r\n<h5><strong>7.\u00a0 Typisch\u2026 Gaby Baginsky\u00a0| 1996\u00a0| DA Music<\/strong><\/h5>\r\n<h5>\r\n\r\n<\/h5>\r\n<h5><strong>6.\u00a0 Lieder f\u00fcr Dich\u00a0| 1996 | Bellaphon<\/strong><\/h5>\r\n<h5>\r\n\r\n<\/h5>\r\n<h5><strong>5.\u00a0 Ich liebe das Leben\u00a0| 1995\u00a0| Bellaphon<\/strong><\/h5>\r\n<h5>\r\n\r\n<\/h5>\r\n<h5><strong>4.\u00a0 Einfach das Beste\u00a0| 1995\u00a0| Disky<\/strong><\/h5>\r\n<h5>\r\n\r\n<\/h5>\r\n<h5><strong>3.\u00a0 Wer hat Dir das K\u00fcssen beigebracht\u00a0| 1994\u00a0| Bellaphon<\/strong><\/h5>\r\n<h5>\r\n\r\n<\/h5>\r\n<h5><strong>2.\u00a0 Wahnsinnsgef\u00fchl\u00a0| 1990\u00a0| Koch<\/strong><\/h5>\r\n<h5>\r\n\r\n<\/h5>\r\n<h5><strong>1.\u00a0 Stimmung ist Trumpf |\u00a01988\u00a0| EMI<br \/><\/strong><\/h5>\r\n\r\n\r\n\r\n\r\n\r\n<h2 class=\"wp-block-heading\"><br \/>Discographie LP<\/h2>\r\n\r\n\r\n\r\n<h5>8. Typisch\u2026 Gaby Baginsky |\u00a01996 |\u00a0DA Music\u00a0<\/h5>\r\n<h5>\r\n\r\n<\/h5>\r\n<h5>7. Ich liebe das Leben |\u00a01995 |\u00a0Bellaphon\u00a0<\/h5>\r\n<h5>\r\n\r\n<\/h5>\r\n<h5>6. Wer hat Dir das K\u00fcssen beigebracht |\u00a01994 |\u00a0Bellaphon\u00a0<\/h5>\r\n<h5>\r\n\r\n<\/h5>\r\n<h5>5. Wahnsinnsgef\u00fchl |\u00a01990 |\u00a0Koch<\/h5>\r\n<h5>\r\n\r\n<\/h5>\r\n<h5>4. Stimmung ist Trumpf |\u00a01988\u00a0|\u00a0EMI<\/h5>\r\n<h5>\r\n\r\n<\/h5>\r\n<h5>3. Ich mu\u00df singen |\u00a01987 |\u00a0Karussell\u00a0<\/h5>\r\n<h5>\r\n\r\n<\/h5>\r\n<h5>2. Gaby Baginsky |\u00a01980 |\u00a0EMI\u00a0<\/h5>\r\n<h5>\r\n\r\n<\/h5>\r\n<h5>1. Diebe kommen am Abend |\u00a01977 |\u00a0EMI<\/h5>\r\n<p>&nbsp;<\/p>\r\n\r\n\r\n\r\n<h2 class=\"wp-block-heading\">Discographie MC<\/h2>\r\n\r\n\r\n\r\n<h5>8. Typisch\u2026 Gaby Baginsky |\u00a01996 |\u00a0DA Music<\/h5>\r\n<h5>\r\n\r\n<\/h5>\r\n<h5>6. Ich liebe das Leben |\u00a01995 |\u00a0Bellaphon<\/h5>\r\n<h5>\r\n\r\n<\/h5>\r\n<h5>5. Wer hat Dir das K\u00fcssen beigebracht |\u00a01994 |\u00a0Bellaphon<\/h5>\r\n<h5>\r\n\r\n<\/h5>\r\n<h5>4. Wahnsinnsgef\u00fchl |\u00a01990 |\u00a0Koch<\/h5>\r\n<h5>\r\n\r\n<\/h5>\r\n<h5>3. Stimmung ist Trumpf |\u00a01988 |\u00a0EMI<\/h5>\r\n<h5>\r\n\r\n<\/h5>\r\n<h5>2. Ich mu\u00df singen |\u00a01987 | Karussell<\/h5>\r\n<h5>\r\n\r\n<\/h5>\r\n<h5>1. Diebe kommen am Abend |\u00a01977 |\u00a0EMI<\/h5>\r\n\r\n\r\n\r\n<p>&nbsp;<\/p>\r\n<h3 class=\"has-pale-cyan-blue-background-color has-background\">Gabys Lieblingsvideos<\/h3>\r\n<h5 class=\"has-pale-cyan-blue-background-color has-background\"><br \/><a href=\"https:\/\/youtu.be\/l0JwrAfhMiQ\">Gaby Baginsky &#8211; Flieg mit mir (Clip f\u00fcr Herzensmelodien Nr. 8)<\/a><br \/><br \/><a href=\"https:\/\/www.youtube.com\/watch?v=I2yiJ3lNRLs\">Gaby Baginsky &#8211; In meinem Himmel steht ein Schloss f\u00fcr dich 2013<\/a><br \/><br \/><a href=\"https:\/\/www.youtube.com\/watch?v=qpoyZ65vMos\">Gaby Baginsky &amp; Adam Schairer &#8211; Wenn die Sonne erwacht in den Bergen 2012<\/a><\/h5>\r\n","protected":false},"excerpt":{"rendered":"<p>41. \u00c4lter werden k\u00f6nnen wir sp\u00e4ter 12 Titel \/ 2023\/ Megamix\u00a0 40. Man muss das Leben tanzen 12 Titel \/ 2021 \/ VangMedia 39. Ich mag&#46;&#46;&#46;<\/p>\n","protected":false},"author":1,"featured_media":0,"parent":0,"menu_order":0,"comment_status":"closed","ping_status":"closed","template":"","meta":{"footnotes":""},"class_list":["post-9","page","type-page","status-publish","hentry"],"_links":{"self":[{"href":"https:\/\/gabybaginsky.de\/index.php?rest_route=\/wp\/v2\/pages\/9","targetHints":{"allow":["GET"]}}],"collection":[{"href":"https:\/\/gabybaginsky.de\/index.php?rest_route=\/wp\/v2\/pages"}],"about":[{"href":"https:\/\/gabybaginsky.de\/index.php?rest_route=\/wp\/v2\/types\/page"}],"author":[{"embeddable":true,"href":"https:\/\/gabybaginsky.de\/index.php?rest_route=\/wp\/v2\/users\/1"}],"replies":[{"embeddable":true,"href":"https:\/\/gabybaginsky.de\/index.php?rest_route=%2Fwp%2Fv2%2Fcomments&post=9"}],"version-history":[{"count":27,"href":"https:\/\/gabybaginsky.de\/index.php?rest_route=\/wp\/v2\/pages\/9\/revisions"}],"predecessor-version":[{"id":495,"href":"https:\/\/gabybaginsky.de\/index.php?rest_route=\/wp\/v2\/pages\/9\/revisions\/495"}],"wp:attachment":[{"href":"https:\/\/gabybaginsky.de\/index.php?rest_route=%2Fwp%2Fv2%2Fmedia&parent=9"}],"curies":[{"name":"wp","href":"https:\/\/api.w.org\/{rel}","templated":true}]}}